{"id":3,"date":"2024-06-24T11:58:03","date_gmt":"2024-06-24T09:58:03","guid":{"rendered":"http:\/\/10.0.1.6\/?page_id=3"},"modified":"2024-09-17T08:18:15","modified_gmt":"2024-09-17T06:18:15","slug":"politica-privacidad","status":"publish","type":"page","link":"https:\/\/ukotek.com\/it\/politica-privacidad\/","title":{"rendered":"Informativa sulla privacy"},"content":{"rendered":"<div data-elementor-type=\"wp-page\" data-elementor-id=\"3\" class=\"elementor elementor-3\" data-elementor-post-type=\"page\">\n\t\t\t\t<div class=\"elementor-element elementor-element-f7904fc e-flex e-con-boxed e-con e-parent\" data-id=\"f7904fc\" data-element_type=\"container\" data-settings=\"{&quot;background_background&quot;:&quot;classic&quot;}\">\n\t\t\t\t\t<div class=\"e-con-inner\">\n\t\t\t\t<div class=\"elementor-element elementor-element-5388c48 elementor-widget elementor-widget-spacer\" data-id=\"5388c48\" data-element_type=\"widget\" data-widget_type=\"spacer.default\">\n\t\t\t\t\t\t\t<div class=\"elementor-spacer\">\n\t\t\t<div class=\"elementor-spacer-inner\"><\/div>\n\t\t<\/div>\n\t\t\t\t\t\t<\/div>\n\t\t\t\t\t<\/div>\n\t\t\t\t<\/div>\n\t\t<div class=\"elementor-element elementor-element-a991306 e-flex e-con-boxed e-con e-parent\" data-id=\"a991306\" data-element_type=\"container\">\n\t\t\t\t\t<div class=\"e-con-inner\">\n\t\t<div class=\"elementor-element elementor-element-1a1530b e-con-full e-flex e-con e-child\" data-id=\"1a1530b\" data-element_type=\"container\">\n\t\t\t\t<div class=\"elementor-element elementor-element-4bc2e39d elementor-widget elementor-widget-text-editor\" data-id=\"4bc2e39d\" data-element_type=\"widget\" data-widget_type=\"text-editor.default\">\n\t\t\t\t\t\t\t\t\t<h1 class=\"mt-5\">Informativa sulla privacy<\/h1><h4><b>Raccolta di dati personali<\/b><\/h4><p>Ukotek Cybersecurity SL informa gli utenti del proprio sito web sulla propria politica di trattamento e protezione dei dati personali degli utenti e dei clienti che possono essere raccolti navigando o contrattando servizi attraverso il proprio sito web.<\/p><h4><b>2. Finalit\u00e0 del trattamento dei dati<\/b><\/h4><p>Lo scopo dei dati raccolti da Ukotek Cybersecurity SL \u00e8 la gestione, l'amministrazione, la fornitura, l'estensione e il miglioramento dei servizi a cui l'utente decide di abbonarsi o di utilizzare, l'invio di comunicazioni commerciali tramite e-mail o qualsiasi altro mezzo elettronico equivalente, nonch\u00e9 il follow-up delle domande sollevate dagli utenti.<\/p><h4><b>3. Misure di sicurezza e riservatezza<\/b><\/h4><p>Ukotek Cybersecurity SL si impegna ad adempiere all'obbligo di segretezza dei dati personali e al dovere di proteggerli, e adotter\u00e0 le misure necessarie per impedirne l'alterazione, la perdita o l'accesso non autorizzato, in conformit\u00e0 alle disposizioni della normativa vigente in materia di protezione dei dati.<\/p><h4><b>4. Diritti dell'utente<\/b><\/h4><p>Gli utenti possono esercitare i diritti di accesso, rettifica, cancellazione, opposizione, limitazione del trattamento e portabilit\u00e0 dei propri dati personali nei termini previsti dalla normativa vigente, attraverso una comunicazione indirizzata a Ukotek Cybersecurity SL, all'indirizzo postale o di posta elettronica sopra indicato.<\/p><h4><b>5. Consenso dell'utente<\/b><\/h4><p>L'utilizzo di questo sito web implica l'accettazione di questa politica sulla privacy.<\/p><h4><b>6. Link ad altri siti web<\/b><\/h4><p>Nel caso in cui questo sito web contenga link o collegamenti ipertestuali ad altri siti web, Ukotek Cybersecurity SL non \u00e8 responsabile del contenuto o delle politiche sulla privacy di tali siti.<\/p><h4><b>7. Modifiche all'Informativa sulla privacy<\/b><\/h4><p>Ukotek Cybersecurity SL si riserva il diritto di modificare questa politica sulla privacy in qualsiasi momento.<\/p><h4><b>8. Legislazione applicabile<\/b><\/h4><p>La presente informativa sulla privacy \u00e8 disciplinata dalla legge spagnola.<\/p><h4><b>9. Giurisdizione<\/b><\/h4><p>Per la risoluzione di qualsiasi controversia che possa sorgere in relazione alla presente informativa sulla privacy, le parti si sottopongono alla giurisdizione delle Corti e dei Tribunali della citt\u00e0 di Barcellona.<\/p>\t\t\t\t\t\t\t\t<\/div>\n\t\t\t\t<\/div>\n\t\t\t\t\t<\/div>\n\t\t\t\t<\/div>\n\t\t<div class=\"elementor-element elementor-element-4d694e2f e-flex e-con-boxed e-con e-parent\" data-id=\"4d694e2f\" data-element_type=\"container\">\n\t\t\t\t\t<div class=\"e-con-inner\">\n\t\t\t\t\t<\/div>\n\t\t\t\t<\/div>\n\t\t\t\t<\/div>","protected":false},"excerpt":{"rendered":"<p>Pol\u00edtica de Privacidad 1. Recopilaci\u00f3n de Datos Personales Ukotek Cybersecurity SL informa a los usuarios de su sitio web sobre su pol\u00edtica respecto del tratamiento y protecci\u00f3n de los datos personales de los usuarios y clientes que puedan ser recopilados por la navegaci\u00f3n o contrataci\u00f3n de servicios a trav\u00e9s de su sitio web. 2. Finalidad [&hellip;]<\/p>","protected":false},"author":1,"featured_media":0,"parent":0,"menu_order":0,"comment_status":"closed","ping_status":"open","template":"","meta":{"content-type":"","footnotes":""},"class_list":["post-3","page","type-page","status-publish","hentry"],"yoast_head":"<!-- This site is optimized with the Yoast SEO plugin v24.6 - https:\/\/yoast.com\/wordpress\/plugins\/seo\/ -->\n<title>Pol\u00edtica de privacidad - Ukotek<\/title>\n<meta name=\"robots\" content=\"index, follow, max-snippet:-1, max-image-preview:large, max-video-preview:-1\" \/>\n<link rel=\"canonical\" href=\"https:\/\/ukotek.com\/it\/politica-privacidad\/\" \/>\n<meta property=\"og:locale\" content=\"it_IT\" \/>\n<meta property=\"og:type\" content=\"article\" \/>\n<meta property=\"og:title\" content=\"Pol\u00edtica de privacidad - Ukotek\" \/>\n<meta property=\"og:description\" content=\"Pol\u00edtica de Privacidad 1. Recopilaci\u00f3n de Datos Personales Ukotek Cybersecurity SL informa a los usuarios de su sitio web sobre su pol\u00edtica respecto del tratamiento y protecci\u00f3n de los datos personales de los usuarios y clientes que puedan ser recopilados por la navegaci\u00f3n o contrataci\u00f3n de servicios a trav\u00e9s de su sitio web. 2. Finalidad [&hellip;]\" \/>\n<meta property=\"og:url\" content=\"https:\/\/ukotek.com\/it\/politica-privacidad\/\" \/>\n<meta property=\"og:site_name\" content=\"Ukotek\" \/>\n<meta property=\"article:modified_time\" content=\"2024-09-17T06:18:15+00:00\" \/>\n<meta name=\"twitter:card\" content=\"summary_large_image\" \/>\n<meta name=\"twitter:label1\" content=\"Tempo di lettura stimato\" \/>\n\t<meta name=\"twitter:data1\" content=\"2 minuti\" \/>\n<script type=\"application\/ld+json\" class=\"yoast-schema-graph\">{\"@context\":\"https:\/\/schema.org\",\"@graph\":[{\"@type\":\"WebPage\",\"@id\":\"https:\/\/ukotek.com\/politica-privacidad\/\",\"url\":\"https:\/\/ukotek.com\/politica-privacidad\/\",\"name\":\"Pol\u00edtica de privacidad - Ukotek\",\"isPartOf\":{\"@id\":\"https:\/\/ukotek.com\/#website\"},\"datePublished\":\"2024-06-24T09:58:03+00:00\",\"dateModified\":\"2024-09-17T06:18:15+00:00\",\"breadcrumb\":{\"@id\":\"https:\/\/ukotek.com\/politica-privacidad\/#breadcrumb\"},\"inLanguage\":\"it-IT\",\"potentialAction\":[{\"@type\":\"ReadAction\",\"target\":[\"https:\/\/ukotek.com\/politica-privacidad\/\"]}]},{\"@type\":\"BreadcrumbList\",\"@id\":\"https:\/\/ukotek.com\/politica-privacidad\/#breadcrumb\",\"itemListElement\":[{\"@type\":\"ListItem\",\"position\":1,\"name\":\"Portada\",\"item\":\"https:\/\/ukotek.com\/\"},{\"@type\":\"ListItem\",\"position\":2,\"name\":\"Pol\u00edtica de privacidad\"}]},{\"@type\":\"WebSite\",\"@id\":\"https:\/\/ukotek.com\/#website\",\"url\":\"https:\/\/ukotek.com\/\",\"name\":\"Ukotek\",\"description\":\"Ciber Security\",\"publisher\":{\"@id\":\"https:\/\/ukotek.com\/#organization\"},\"potentialAction\":[{\"@type\":\"SearchAction\",\"target\":{\"@type\":\"EntryPoint\",\"urlTemplate\":\"https:\/\/ukotek.com\/?s={search_term_string}\"},\"query-input\":{\"@type\":\"PropertyValueSpecification\",\"valueRequired\":true,\"valueName\":\"search_term_string\"}}],\"inLanguage\":\"it-IT\"},{\"@type\":\"Organization\",\"@id\":\"https:\/\/ukotek.com\/#organization\",\"name\":\"Ukotek\",\"url\":\"https:\/\/ukotek.com\/\",\"logo\":{\"@type\":\"ImageObject\",\"inLanguage\":\"it-IT\",\"@id\":\"https:\/\/ukotek.com\/#\/schema\/logo\/image\/\",\"url\":\"https:\/\/ukotek.com\/wp-content\/uploads\/2024\/06\/cropped-logo-ukotek.png\",\"contentUrl\":\"https:\/\/ukotek.com\/wp-content\/uploads\/2024\/06\/cropped-logo-ukotek.png\",\"width\":783,\"height\":224,\"caption\":\"Ukotek\"},\"image\":{\"@id\":\"https:\/\/ukotek.com\/#\/schema\/logo\/image\/\"}}]}<\/script>\n<!-- \/ Yoast SEO plugin. -->","yoast_head_json":{"title":"Pol\u00edtica de privacidad - Ukotek","robots":{"index":"index","follow":"follow","max-snippet":"max-snippet:-1","max-image-preview":"max-image-preview:large","max-video-preview":"max-video-preview:-1"},"canonical":"https:\/\/ukotek.com\/it\/politica-privacidad\/","og_locale":"it_IT","og_type":"article","og_title":"Pol\u00edtica de privacidad - Ukotek","og_description":"Pol\u00edtica de Privacidad 1. Recopilaci\u00f3n de Datos Personales Ukotek Cybersecurity SL informa a los usuarios de su sitio web sobre su pol\u00edtica respecto del tratamiento y protecci\u00f3n de los datos personales de los usuarios y clientes que puedan ser recopilados por la navegaci\u00f3n o contrataci\u00f3n de servicios a trav\u00e9s de su sitio web. 2. Finalidad [&hellip;]","og_url":"https:\/\/ukotek.com\/it\/politica-privacidad\/","og_site_name":"Ukotek","article_modified_time":"2024-09-17T06:18:15+00:00","twitter_card":"summary_large_image","twitter_misc":{"Tempo di lettura stimato":"2 minuti"},"schema":{"@context":"https:\/\/schema.org","@graph":[{"@type":"WebPage","@id":"https:\/\/ukotek.com\/politica-privacidad\/","url":"https:\/\/ukotek.com\/politica-privacidad\/","name":"Pol\u00edtica de privacidad - Ukotek","isPartOf":{"@id":"https:\/\/ukotek.com\/#website"},"datePublished":"2024-06-24T09:58:03+00:00","dateModified":"2024-09-17T06:18:15+00:00","breadcrumb":{"@id":"https:\/\/ukotek.com\/politica-privacidad\/#breadcrumb"},"inLanguage":"it-IT","potentialAction":[{"@type":"ReadAction","target":["https:\/\/ukotek.com\/politica-privacidad\/"]}]},{"@type":"BreadcrumbList","@id":"https:\/\/ukotek.com\/politica-privacidad\/#breadcrumb","itemListElement":[{"@type":"ListItem","position":1,"name":"Portada","item":"https:\/\/ukotek.com\/"},{"@type":"ListItem","position":2,"name":"Pol\u00edtica de privacidad"}]},{"@type":"WebSite","@id":"https:\/\/ukotek.com\/#website","url":"https:\/\/ukotek.com\/","name":"Ukotek","description":"Ciber Security","publisher":{"@id":"https:\/\/ukotek.com\/#organization"},"potentialAction":[{"@type":"SearchAction","target":{"@type":"EntryPoint","urlTemplate":"https:\/\/ukotek.com\/?s={search_term_string}"},"query-input":{"@type":"PropertyValueSpecification","valueRequired":true,"valueName":"search_term_string"}}],"inLanguage":"it-IT"},{"@type":"Organization","@id":"https:\/\/ukotek.com\/#organization","name":"Ukotek","url":"https:\/\/ukotek.com\/","logo":{"@type":"ImageObject","inLanguage":"it-IT","@id":"https:\/\/ukotek.com\/#\/schema\/logo\/image\/","url":"https:\/\/ukotek.com\/wp-content\/uploads\/2024\/06\/cropped-logo-ukotek.png","contentUrl":"https:\/\/ukotek.com\/wp-content\/uploads\/2024\/06\/cropped-logo-ukotek.png","width":783,"height":224,"caption":"Ukotek"},"image":{"@id":"https:\/\/ukotek.com\/#\/schema\/logo\/image\/"}}]}},"_links":{"self":[{"href":"https:\/\/ukotek.com\/it\/wp-json\/wp\/v2\/pages\/3","targetHints":{"allow":["GET"]}}],"collection":[{"href":"https:\/\/ukotek.com\/it\/wp-json\/wp\/v2\/pages"}],"about":[{"href":"https:\/\/ukotek.com\/it\/wp-json\/wp\/v2\/types\/page"}],"author":[{"embeddable":true,"href":"https:\/\/ukotek.com\/it\/wp-json\/wp\/v2\/users\/1"}],"replies":[{"embeddable":true,"href":"https:\/\/ukotek.com\/it\/wp-json\/wp\/v2\/comments?post=3"}],"version-history":[{"count":16,"href":"https:\/\/ukotek.com\/it\/wp-json\/wp\/v2\/pages\/3\/revisions"}],"predecessor-version":[{"id":2110,"href":"https:\/\/ukotek.com\/it\/wp-json\/wp\/v2\/pages\/3\/revisions\/2110"}],"wp:attachment":[{"href":"https:\/\/ukotek.com\/it\/wp-json\/wp\/v2\/media?parent=3"}],"curies":[{"name":"wp","href":"https:\/\/api.w.org\/{rel}","templated":true}]}}