{"id":16,"date":"2024-06-25T11:27:01","date_gmt":"2024-06-25T09:27:01","guid":{"rendered":"https:\/\/dev.ukotek.com\/?page_id=16"},"modified":"2024-09-17T08:17:42","modified_gmt":"2024-09-17T06:17:42","slug":"aviso-legal","status":"publish","type":"page","link":"https:\/\/ukotek.com\/it\/aviso-legal\/","title":{"rendered":"Avviso legale"},"content":{"rendered":"<div data-elementor-type=\"wp-page\" data-elementor-id=\"16\" class=\"elementor elementor-16\" data-elementor-post-type=\"page\">\n\t\t\t\t<div class=\"elementor-element elementor-element-3edcf40 e-flex e-con-boxed e-con e-parent\" data-id=\"3edcf40\" data-element_type=\"container\" data-settings=\"{&quot;background_background&quot;:&quot;classic&quot;}\">\n\t\t\t\t\t<div class=\"e-con-inner\">\n\t\t\t\t<div class=\"elementor-element elementor-element-f77724d elementor-widget elementor-widget-spacer\" data-id=\"f77724d\" data-element_type=\"widget\" data-widget_type=\"spacer.default\">\n\t\t\t\t\t\t\t<div class=\"elementor-spacer\">\n\t\t\t<div class=\"elementor-spacer-inner\"><\/div>\n\t\t<\/div>\n\t\t\t\t\t\t<\/div>\n\t\t\t\t\t<\/div>\n\t\t\t\t<\/div>\n\t\t<div class=\"elementor-element elementor-element-a350e36 e-flex e-con-boxed e-con e-parent\" data-id=\"a350e36\" data-element_type=\"container\">\n\t\t\t\t\t<div class=\"e-con-inner\">\n\t\t<div class=\"elementor-element elementor-element-2192924 e-con-full e-flex e-con e-child\" data-id=\"2192924\" data-element_type=\"container\">\n\t\t\t\t<div class=\"elementor-element elementor-element-64c2b81 elementor-widget elementor-widget-text-editor\" data-id=\"64c2b81\" data-element_type=\"widget\" data-widget_type=\"text-editor.default\">\n\t\t\t\t\t\t\t\t\t<h1 class=\"mt-5\">Avviso legale<\/h1><h4 class=\"mt-4\"><b>Identificazione del Titolare<\/b><\/h4><p>Questo sito web \u00e8 di propriet\u00e0 di Ukotek Cybersecurity SL, con sede legale in Paseo de Garcia Faria, 49 08012 Barcellona, con NIF\/CIF B56476674 e registrato nel Registro Mercantile di Barcellona, volume 45678, foglio 987, pagina B-123456.<\/p><h4 class=\"mt-4\"><b>2. Propriet\u00e0 intellettuale e industriale<\/b><\/h4><p>Ukotek Cybersecurity SL detiene la propriet\u00e0 di tutti i diritti di propriet\u00e0 intellettuale e industriale di questo sito web, compresi, tra gli altri, gli elementi del design grafico, la struttura di navigazione, i testi, le immagini, i loghi, le icone, i pulsanti, il software, i nomi commerciali, i marchi o i segni distintivi, essendo espressamente vietata la riproduzione totale o parziale di questo sito web senza l'espressa autorizzazione scritta di Ukotek Cybersecurity SL.<\/p><p><b>Eccezione alla propriet\u00e0 intellettuale e industriale<\/b><\/p><p>Le foto dei nostri partner non sono di nostra propriet\u00e0. Queste foto sono di propriet\u00e0 dei rispettivi autori e sono utilizzate in questo sito web con il loro esplicito consenso.<\/p><h4 class=\"mt-4\"><b>3. Condizioni di utilizzo<\/b><\/h4><p>L'accesso a questo sito web implica l'accettazione completa e senza riserve delle presenti condizioni generali di utilizzo. Ukotek Cybersecurity SL si riserva il diritto di modificare queste condizioni in qualsiasi momento. L'utente si impegna a utilizzare questo sito web e i suoi servizi in conformit\u00e0 con la legge, con le presenti condizioni generali, nonch\u00e9 con la morale generalmente accettata, i buoni costumi e l'ordine pubblico.<\/p><h4 class=\"mt-4\"><b>4. Limitazione di responsabilit\u00e0<\/b><\/h4><p>Ukotek Cybersecurity SL non sar\u00e0 responsabile di eventuali danni derivanti dalla mancanza di accuratezza, completezza, tempestivit\u00e0, nonch\u00e9 di errori o omissioni nelle informazioni e nei servizi contenuti in questo sito web o in altri contenuti accessibili attraverso di esso.<\/p>\t\t\t\t\t\t\t\t<\/div>\n\t\t\t\t<\/div>\n\t\t\t\t\t<\/div>\n\t\t\t\t<\/div>\n\t\t\t\t<\/div>","protected":false},"excerpt":{"rendered":"<p>Aviso Legal 1. Identificaci\u00f3n del Titular La presente p\u00e1gina web es propiedad de Ukotek Cybersecurity SL, con domicilio en Paseo de Garcia Faria, 49 08012 Barcelona, con NIF\/CIF B56476674 e inscrita en el Registro Mercantil de Barcelona, al tomo 45678, folio 987, hoja B-123456. 2. Propiedad Intelectual e Industrial Ukotek Cybersecurity SL ostenta la titularidad [&hellip;]<\/p>","protected":false},"author":1,"featured_media":0,"parent":0,"menu_order":0,"comment_status":"closed","ping_status":"closed","template":"","meta":{"content-type":"","footnotes":""},"class_list":["post-16","page","type-page","status-publish","hentry"],"yoast_head":"<!-- This site is optimized with the Yoast SEO plugin v24.6 - https:\/\/yoast.com\/wordpress\/plugins\/seo\/ -->\n<title>Aviso Legal - Ukotek<\/title>\n<meta name=\"robots\" content=\"index, follow, max-snippet:-1, max-image-preview:large, max-video-preview:-1\" \/>\n<link rel=\"canonical\" href=\"https:\/\/ukotek.com\/it\/aviso-legal\/\" \/>\n<meta property=\"og:locale\" content=\"it_IT\" \/>\n<meta property=\"og:type\" content=\"article\" \/>\n<meta property=\"og:title\" content=\"Aviso Legal - Ukotek\" \/>\n<meta property=\"og:description\" content=\"Aviso Legal 1. Identificaci\u00f3n del Titular La presente p\u00e1gina web es propiedad de Ukotek Cybersecurity SL, con domicilio en Paseo de Garcia Faria, 49 08012 Barcelona, con NIF\/CIF B56476674 e inscrita en el Registro Mercantil de Barcelona, al tomo 45678, folio 987, hoja B-123456. 2. Propiedad Intelectual e Industrial Ukotek Cybersecurity SL ostenta la titularidad [&hellip;]\" \/>\n<meta property=\"og:url\" content=\"https:\/\/ukotek.com\/it\/aviso-legal\/\" \/>\n<meta property=\"og:site_name\" content=\"Ukotek\" \/>\n<meta property=\"article:modified_time\" content=\"2024-09-17T06:17:42+00:00\" \/>\n<meta name=\"twitter:card\" content=\"summary_large_image\" \/>\n<meta name=\"twitter:label1\" content=\"Tempo di lettura stimato\" \/>\n\t<meta name=\"twitter:data1\" content=\"2 minuti\" \/>\n<script type=\"application\/ld+json\" class=\"yoast-schema-graph\">{\"@context\":\"https:\/\/schema.org\",\"@graph\":[{\"@type\":\"WebPage\",\"@id\":\"https:\/\/ukotek.com\/aviso-legal\/\",\"url\":\"https:\/\/ukotek.com\/aviso-legal\/\",\"name\":\"Aviso Legal - Ukotek\",\"isPartOf\":{\"@id\":\"https:\/\/ukotek.com\/#website\"},\"datePublished\":\"2024-06-25T09:27:01+00:00\",\"dateModified\":\"2024-09-17T06:17:42+00:00\",\"breadcrumb\":{\"@id\":\"https:\/\/ukotek.com\/aviso-legal\/#breadcrumb\"},\"inLanguage\":\"it-IT\",\"potentialAction\":[{\"@type\":\"ReadAction\",\"target\":[\"https:\/\/ukotek.com\/aviso-legal\/\"]}]},{\"@type\":\"BreadcrumbList\",\"@id\":\"https:\/\/ukotek.com\/aviso-legal\/#breadcrumb\",\"itemListElement\":[{\"@type\":\"ListItem\",\"position\":1,\"name\":\"Portada\",\"item\":\"https:\/\/ukotek.com\/\"},{\"@type\":\"ListItem\",\"position\":2,\"name\":\"Aviso Legal\"}]},{\"@type\":\"WebSite\",\"@id\":\"https:\/\/ukotek.com\/#website\",\"url\":\"https:\/\/ukotek.com\/\",\"name\":\"Ukotek\",\"description\":\"Ciber Security\",\"publisher\":{\"@id\":\"https:\/\/ukotek.com\/#organization\"},\"potentialAction\":[{\"@type\":\"SearchAction\",\"target\":{\"@type\":\"EntryPoint\",\"urlTemplate\":\"https:\/\/ukotek.com\/?s={search_term_string}\"},\"query-input\":{\"@type\":\"PropertyValueSpecification\",\"valueRequired\":true,\"valueName\":\"search_term_string\"}}],\"inLanguage\":\"it-IT\"},{\"@type\":\"Organization\",\"@id\":\"https:\/\/ukotek.com\/#organization\",\"name\":\"Ukotek\",\"url\":\"https:\/\/ukotek.com\/\",\"logo\":{\"@type\":\"ImageObject\",\"inLanguage\":\"it-IT\",\"@id\":\"https:\/\/ukotek.com\/#\/schema\/logo\/image\/\",\"url\":\"https:\/\/ukotek.com\/wp-content\/uploads\/2024\/06\/cropped-logo-ukotek.png\",\"contentUrl\":\"https:\/\/ukotek.com\/wp-content\/uploads\/2024\/06\/cropped-logo-ukotek.png\",\"width\":783,\"height\":224,\"caption\":\"Ukotek\"},\"image\":{\"@id\":\"https:\/\/ukotek.com\/#\/schema\/logo\/image\/\"}}]}<\/script>\n<!-- \/ Yoast SEO plugin. -->","yoast_head_json":{"title":"Aviso Legal - Ukotek","robots":{"index":"index","follow":"follow","max-snippet":"max-snippet:-1","max-image-preview":"max-image-preview:large","max-video-preview":"max-video-preview:-1"},"canonical":"https:\/\/ukotek.com\/it\/aviso-legal\/","og_locale":"it_IT","og_type":"article","og_title":"Aviso Legal - Ukotek","og_description":"Aviso Legal 1. Identificaci\u00f3n del Titular La presente p\u00e1gina web es propiedad de Ukotek Cybersecurity SL, con domicilio en Paseo de Garcia Faria, 49 08012 Barcelona, con NIF\/CIF B56476674 e inscrita en el Registro Mercantil de Barcelona, al tomo 45678, folio 987, hoja B-123456. 2. Propiedad Intelectual e Industrial Ukotek Cybersecurity SL ostenta la titularidad [&hellip;]","og_url":"https:\/\/ukotek.com\/it\/aviso-legal\/","og_site_name":"Ukotek","article_modified_time":"2024-09-17T06:17:42+00:00","twitter_card":"summary_large_image","twitter_misc":{"Tempo di lettura stimato":"2 minuti"},"schema":{"@context":"https:\/\/schema.org","@graph":[{"@type":"WebPage","@id":"https:\/\/ukotek.com\/aviso-legal\/","url":"https:\/\/ukotek.com\/aviso-legal\/","name":"Aviso Legal - Ukotek","isPartOf":{"@id":"https:\/\/ukotek.com\/#website"},"datePublished":"2024-06-25T09:27:01+00:00","dateModified":"2024-09-17T06:17:42+00:00","breadcrumb":{"@id":"https:\/\/ukotek.com\/aviso-legal\/#breadcrumb"},"inLanguage":"it-IT","potentialAction":[{"@type":"ReadAction","target":["https:\/\/ukotek.com\/aviso-legal\/"]}]},{"@type":"BreadcrumbList","@id":"https:\/\/ukotek.com\/aviso-legal\/#breadcrumb","itemListElement":[{"@type":"ListItem","position":1,"name":"Portada","item":"https:\/\/ukotek.com\/"},{"@type":"ListItem","position":2,"name":"Aviso Legal"}]},{"@type":"WebSite","@id":"https:\/\/ukotek.com\/#website","url":"https:\/\/ukotek.com\/","name":"Ukotek","description":"Ciber Security","publisher":{"@id":"https:\/\/ukotek.com\/#organization"},"potentialAction":[{"@type":"SearchAction","target":{"@type":"EntryPoint","urlTemplate":"https:\/\/ukotek.com\/?s={search_term_string}"},"query-input":{"@type":"PropertyValueSpecification","valueRequired":true,"valueName":"search_term_string"}}],"inLanguage":"it-IT"},{"@type":"Organization","@id":"https:\/\/ukotek.com\/#organization","name":"Ukotek","url":"https:\/\/ukotek.com\/","logo":{"@type":"ImageObject","inLanguage":"it-IT","@id":"https:\/\/ukotek.com\/#\/schema\/logo\/image\/","url":"https:\/\/ukotek.com\/wp-content\/uploads\/2024\/06\/cropped-logo-ukotek.png","contentUrl":"https:\/\/ukotek.com\/wp-content\/uploads\/2024\/06\/cropped-logo-ukotek.png","width":783,"height":224,"caption":"Ukotek"},"image":{"@id":"https:\/\/ukotek.com\/#\/schema\/logo\/image\/"}}]}},"_links":{"self":[{"href":"https:\/\/ukotek.com\/it\/wp-json\/wp\/v2\/pages\/16","targetHints":{"allow":["GET"]}}],"collection":[{"href":"https:\/\/ukotek.com\/it\/wp-json\/wp\/v2\/pages"}],"about":[{"href":"https:\/\/ukotek.com\/it\/wp-json\/wp\/v2\/types\/page"}],"author":[{"embeddable":true,"href":"https:\/\/ukotek.com\/it\/wp-json\/wp\/v2\/users\/1"}],"replies":[{"embeddable":true,"href":"https:\/\/ukotek.com\/it\/wp-json\/wp\/v2\/comments?post=16"}],"version-history":[{"count":16,"href":"https:\/\/ukotek.com\/it\/wp-json\/wp\/v2\/pages\/16\/revisions"}],"predecessor-version":[{"id":2107,"href":"https:\/\/ukotek.com\/it\/wp-json\/wp\/v2\/pages\/16\/revisions\/2107"}],"wp:attachment":[{"href":"https:\/\/ukotek.com\/it\/wp-json\/wp\/v2\/media?parent=16"}],"curies":[{"name":"wp","href":"https:\/\/api.w.org\/{rel}","templated":true}]}}