{"id":3,"date":"2024-06-24T11:58:03","date_gmt":"2024-06-24T09:58:03","guid":{"rendered":"http:\/\/10.0.1.6\/?page_id=3"},"modified":"2024-09-17T08:18:15","modified_gmt":"2024-09-17T06:18:15","slug":"politica-privacidad","status":"publish","type":"page","link":"https:\/\/ukotek.com\/en\/politica-privacidad\/","title":{"rendered":"Privacy policy"},"content":{"rendered":"<div data-elementor-type=\"wp-page\" data-elementor-id=\"3\" class=\"elementor elementor-3\" data-elementor-post-type=\"page\">\n\t\t\t\t<div class=\"elementor-element elementor-element-f7904fc e-flex e-con-boxed e-con e-parent\" data-id=\"f7904fc\" data-element_type=\"container\" data-settings=\"{&quot;background_background&quot;:&quot;classic&quot;}\">\n\t\t\t\t\t<div class=\"e-con-inner\">\n\t\t\t\t<div class=\"elementor-element elementor-element-5388c48 elementor-widget elementor-widget-spacer\" data-id=\"5388c48\" data-element_type=\"widget\" data-widget_type=\"spacer.default\">\n\t\t\t\t\t\t\t<div class=\"elementor-spacer\">\n\t\t\t<div class=\"elementor-spacer-inner\"><\/div>\n\t\t<\/div>\n\t\t\t\t\t\t<\/div>\n\t\t\t\t\t<\/div>\n\t\t\t\t<\/div>\n\t\t<div class=\"elementor-element elementor-element-a991306 e-flex e-con-boxed e-con e-parent\" data-id=\"a991306\" data-element_type=\"container\">\n\t\t\t\t\t<div class=\"e-con-inner\">\n\t\t<div class=\"elementor-element elementor-element-1a1530b e-con-full e-flex e-con e-child\" data-id=\"1a1530b\" data-element_type=\"container\">\n\t\t\t\t<div class=\"elementor-element elementor-element-4bc2e39d elementor-widget elementor-widget-text-editor\" data-id=\"4bc2e39d\" data-element_type=\"widget\" data-widget_type=\"text-editor.default\">\n\t\t\t\t\t\t\t\t\t<h1 class=\"mt-5\">Privacy Policy<\/h1><h4><b>Collection of Personal Data<\/b><\/h4><p>Ukotek Cybersecurity SL informs users of its website about its policy regarding the processing and protection of personal data of users and customers that may be collected by browsing or contracting services through its website.<\/p><h4><b>2. Purpose of Data Processing<\/b><\/h4><p>The purpose of the data collected by Ukotek Cybersecurity SL is the management, administration, provision, extension and improvement of the services to which the user decides to subscribe or use, the sending of commercial communications by e-mail or any other equivalent electronic means, as well as the follow-up of queries raised by users.<\/p><h4><b>3. Security and Confidentiality Measures<\/b><\/h4><p>Ukotek Cybersecurity SL is committed to fulfilling its obligation of secrecy of personal data and its duty to protect them, and will take the necessary measures to prevent alteration, loss, or unauthorised access, in accordance with the provisions of the applicable regulations on data protection.<\/p><h4><b>4. User Rights<\/b><\/h4><p>Users may exercise their rights of access, rectification, cancellation, opposition, limitation of processing and portability of their personal data under the terms provided for in current legislation, through a communication addressed to Ukotek Cybersecurity SL, to the postal or email address indicated above.<\/p><h4><b>5. User Consent<\/b><\/h4><p>Use of this website constitutes acceptance of this privacy policy.<\/p><h4><b>6. Links to other websites<\/b><\/h4><p>In the event that this website contains links or hyperlinks to other websites, Ukotek Cybersecurity SL is not responsible for the content or privacy policies of such websites.<\/p><h4><b>7. Changes to the Privacy Policy<\/b><\/h4><p>Ukotek Cybersecurity SL reserves the right to modify this privacy policy at any time.<\/p><h4><b>8. Applicable legislation<\/b><\/h4><p>This privacy policy is governed by Spanish law.<\/p><h4><b>9. Jurisdiction<\/b><\/h4><p>For the resolution of any dispute that may arise in connection with this privacy policy, the parties submit to the jurisdiction of the Courts and Tribunals of the city of Barcelona.<\/p>\t\t\t\t\t\t\t\t<\/div>\n\t\t\t\t<\/div>\n\t\t\t\t\t<\/div>\n\t\t\t\t<\/div>\n\t\t<div class=\"elementor-element elementor-element-4d694e2f e-flex e-con-boxed e-con e-parent\" data-id=\"4d694e2f\" data-element_type=\"container\">\n\t\t\t\t\t<div class=\"e-con-inner\">\n\t\t\t\t\t<\/div>\n\t\t\t\t<\/div>\n\t\t\t\t<\/div>","protected":false},"excerpt":{"rendered":"<p>Pol\u00edtica de Privacidad 1. Recopilaci\u00f3n de Datos Personales Ukotek Cybersecurity SL informa a los usuarios de su sitio web sobre su pol\u00edtica respecto del tratamiento y protecci\u00f3n de los datos personales de los usuarios y clientes que puedan ser recopilados por la navegaci\u00f3n o contrataci\u00f3n de servicios a trav\u00e9s de su sitio web. 2. Finalidad [&hellip;]<\/p>","protected":false},"author":1,"featured_media":0,"parent":0,"menu_order":0,"comment_status":"closed","ping_status":"open","template":"","meta":{"content-type":"","footnotes":""},"class_list":["post-3","page","type-page","status-publish","hentry"],"yoast_head":"<!-- This site is optimized with the Yoast SEO plugin v24.6 - https:\/\/yoast.com\/wordpress\/plugins\/seo\/ -->\n<title>Pol\u00edtica de privacidad - Ukotek<\/title>\n<meta name=\"robots\" content=\"index, follow, max-snippet:-1, max-image-preview:large, max-video-preview:-1\" \/>\n<link rel=\"canonical\" href=\"https:\/\/ukotek.com\/en\/politica-privacidad\/\" \/>\n<meta property=\"og:locale\" content=\"en_GB\" \/>\n<meta property=\"og:type\" content=\"article\" \/>\n<meta property=\"og:title\" content=\"Pol\u00edtica de privacidad - Ukotek\" \/>\n<meta property=\"og:description\" content=\"Pol\u00edtica de Privacidad 1. Recopilaci\u00f3n de Datos Personales Ukotek Cybersecurity SL informa a los usuarios de su sitio web sobre su pol\u00edtica respecto del tratamiento y protecci\u00f3n de los datos personales de los usuarios y clientes que puedan ser recopilados por la navegaci\u00f3n o contrataci\u00f3n de servicios a trav\u00e9s de su sitio web. 2. Finalidad [&hellip;]\" \/>\n<meta property=\"og:url\" content=\"https:\/\/ukotek.com\/en\/politica-privacidad\/\" \/>\n<meta property=\"og:site_name\" content=\"Ukotek\" \/>\n<meta property=\"article:modified_time\" content=\"2024-09-17T06:18:15+00:00\" \/>\n<meta name=\"twitter:card\" content=\"summary_large_image\" \/>\n<meta name=\"twitter:label1\" content=\"Estimated reading time\" \/>\n\t<meta name=\"twitter:data1\" content=\"2 minutes\" \/>\n<script type=\"application\/ld+json\" class=\"yoast-schema-graph\">{\"@context\":\"https:\/\/schema.org\",\"@graph\":[{\"@type\":\"WebPage\",\"@id\":\"https:\/\/ukotek.com\/politica-privacidad\/\",\"url\":\"https:\/\/ukotek.com\/politica-privacidad\/\",\"name\":\"Pol\u00edtica de privacidad - Ukotek\",\"isPartOf\":{\"@id\":\"https:\/\/ukotek.com\/#website\"},\"datePublished\":\"2024-06-24T09:58:03+00:00\",\"dateModified\":\"2024-09-17T06:18:15+00:00\",\"breadcrumb\":{\"@id\":\"https:\/\/ukotek.com\/politica-privacidad\/#breadcrumb\"},\"inLanguage\":\"en-GB\",\"potentialAction\":[{\"@type\":\"ReadAction\",\"target\":[\"https:\/\/ukotek.com\/politica-privacidad\/\"]}]},{\"@type\":\"BreadcrumbList\",\"@id\":\"https:\/\/ukotek.com\/politica-privacidad\/#breadcrumb\",\"itemListElement\":[{\"@type\":\"ListItem\",\"position\":1,\"name\":\"Portada\",\"item\":\"https:\/\/ukotek.com\/\"},{\"@type\":\"ListItem\",\"position\":2,\"name\":\"Pol\u00edtica de privacidad\"}]},{\"@type\":\"WebSite\",\"@id\":\"https:\/\/ukotek.com\/#website\",\"url\":\"https:\/\/ukotek.com\/\",\"name\":\"Ukotek\",\"description\":\"Ciber Security\",\"publisher\":{\"@id\":\"https:\/\/ukotek.com\/#organization\"},\"potentialAction\":[{\"@type\":\"SearchAction\",\"target\":{\"@type\":\"EntryPoint\",\"urlTemplate\":\"https:\/\/ukotek.com\/?s={search_term_string}\"},\"query-input\":{\"@type\":\"PropertyValueSpecification\",\"valueRequired\":true,\"valueName\":\"search_term_string\"}}],\"inLanguage\":\"en-GB\"},{\"@type\":\"Organization\",\"@id\":\"https:\/\/ukotek.com\/#organization\",\"name\":\"Ukotek\",\"url\":\"https:\/\/ukotek.com\/\",\"logo\":{\"@type\":\"ImageObject\",\"inLanguage\":\"en-GB\",\"@id\":\"https:\/\/ukotek.com\/#\/schema\/logo\/image\/\",\"url\":\"https:\/\/ukotek.com\/wp-content\/uploads\/2024\/06\/cropped-logo-ukotek.png\",\"contentUrl\":\"https:\/\/ukotek.com\/wp-content\/uploads\/2024\/06\/cropped-logo-ukotek.png\",\"width\":783,\"height\":224,\"caption\":\"Ukotek\"},\"image\":{\"@id\":\"https:\/\/ukotek.com\/#\/schema\/logo\/image\/\"}}]}<\/script>\n<!-- \/ Yoast SEO plugin. -->","yoast_head_json":{"title":"Pol\u00edtica de privacidad - Ukotek","robots":{"index":"index","follow":"follow","max-snippet":"max-snippet:-1","max-image-preview":"max-image-preview:large","max-video-preview":"max-video-preview:-1"},"canonical":"https:\/\/ukotek.com\/en\/politica-privacidad\/","og_locale":"en_GB","og_type":"article","og_title":"Pol\u00edtica de privacidad - Ukotek","og_description":"Pol\u00edtica de Privacidad 1. Recopilaci\u00f3n de Datos Personales Ukotek Cybersecurity SL informa a los usuarios de su sitio web sobre su pol\u00edtica respecto del tratamiento y protecci\u00f3n de los datos personales de los usuarios y clientes que puedan ser recopilados por la navegaci\u00f3n o contrataci\u00f3n de servicios a trav\u00e9s de su sitio web. 2. Finalidad [&hellip;]","og_url":"https:\/\/ukotek.com\/en\/politica-privacidad\/","og_site_name":"Ukotek","article_modified_time":"2024-09-17T06:18:15+00:00","twitter_card":"summary_large_image","twitter_misc":{"Estimated reading time":"2 minutes"},"schema":{"@context":"https:\/\/schema.org","@graph":[{"@type":"WebPage","@id":"https:\/\/ukotek.com\/politica-privacidad\/","url":"https:\/\/ukotek.com\/politica-privacidad\/","name":"Pol\u00edtica de privacidad - Ukotek","isPartOf":{"@id":"https:\/\/ukotek.com\/#website"},"datePublished":"2024-06-24T09:58:03+00:00","dateModified":"2024-09-17T06:18:15+00:00","breadcrumb":{"@id":"https:\/\/ukotek.com\/politica-privacidad\/#breadcrumb"},"inLanguage":"en-GB","potentialAction":[{"@type":"ReadAction","target":["https:\/\/ukotek.com\/politica-privacidad\/"]}]},{"@type":"BreadcrumbList","@id":"https:\/\/ukotek.com\/politica-privacidad\/#breadcrumb","itemListElement":[{"@type":"ListItem","position":1,"name":"Portada","item":"https:\/\/ukotek.com\/"},{"@type":"ListItem","position":2,"name":"Pol\u00edtica de privacidad"}]},{"@type":"WebSite","@id":"https:\/\/ukotek.com\/#website","url":"https:\/\/ukotek.com\/","name":"Ukotek","description":"Ciber Security","publisher":{"@id":"https:\/\/ukotek.com\/#organization"},"potentialAction":[{"@type":"SearchAction","target":{"@type":"EntryPoint","urlTemplate":"https:\/\/ukotek.com\/?s={search_term_string}"},"query-input":{"@type":"PropertyValueSpecification","valueRequired":true,"valueName":"search_term_string"}}],"inLanguage":"en-GB"},{"@type":"Organization","@id":"https:\/\/ukotek.com\/#organization","name":"Ukotek","url":"https:\/\/ukotek.com\/","logo":{"@type":"ImageObject","inLanguage":"en-GB","@id":"https:\/\/ukotek.com\/#\/schema\/logo\/image\/","url":"https:\/\/ukotek.com\/wp-content\/uploads\/2024\/06\/cropped-logo-ukotek.png","contentUrl":"https:\/\/ukotek.com\/wp-content\/uploads\/2024\/06\/cropped-logo-ukotek.png","width":783,"height":224,"caption":"Ukotek"},"image":{"@id":"https:\/\/ukotek.com\/#\/schema\/logo\/image\/"}}]}},"_links":{"self":[{"href":"https:\/\/ukotek.com\/en\/wp-json\/wp\/v2\/pages\/3","targetHints":{"allow":["GET"]}}],"collection":[{"href":"https:\/\/ukotek.com\/en\/wp-json\/wp\/v2\/pages"}],"about":[{"href":"https:\/\/ukotek.com\/en\/wp-json\/wp\/v2\/types\/page"}],"author":[{"embeddable":true,"href":"https:\/\/ukotek.com\/en\/wp-json\/wp\/v2\/users\/1"}],"replies":[{"embeddable":true,"href":"https:\/\/ukotek.com\/en\/wp-json\/wp\/v2\/comments?post=3"}],"version-history":[{"count":16,"href":"https:\/\/ukotek.com\/en\/wp-json\/wp\/v2\/pages\/3\/revisions"}],"predecessor-version":[{"id":2110,"href":"https:\/\/ukotek.com\/en\/wp-json\/wp\/v2\/pages\/3\/revisions\/2110"}],"wp:attachment":[{"href":"https:\/\/ukotek.com\/en\/wp-json\/wp\/v2\/media?parent=3"}],"curies":[{"name":"wp","href":"https:\/\/api.w.org\/{rel}","templated":true}]}}