{"id":13,"date":"2024-06-25T11:25:39","date_gmt":"2024-06-25T09:25:39","guid":{"rendered":"https:\/\/dev.ukotek.com\/?page_id=13"},"modified":"2024-11-13T09:47:41","modified_gmt":"2024-11-13T08:47:41","slug":"contacto","status":"publish","type":"page","link":"https:\/\/ukotek.com\/en\/contacto\/","title":{"rendered":"Contact"},"content":{"rendered":"<div data-elementor-type=\"wp-page\" data-elementor-id=\"13\" class=\"elementor elementor-13\" data-elementor-post-type=\"page\">\n\t\t\t\t<div class=\"elementor-element elementor-element-c18cdc3 e-flex e-con-boxed e-con e-parent\" data-id=\"c18cdc3\" data-element_type=\"container\" data-settings=\"{&quot;background_background&quot;:&quot;classic&quot;}\">\n\t\t\t\t\t<div class=\"e-con-inner\">\n\t\t<div class=\"elementor-element elementor-element-b75f6cf e-con-full e-flex e-con e-child\" data-id=\"b75f6cf\" data-element_type=\"container\">\n\t\t\t\t<div class=\"elementor-element elementor-element-67c1a62 elementor-widget elementor-widget-heading\" data-id=\"67c1a62\" data-element_type=\"widget\" data-widget_type=\"heading.default\">\n\t\t\t\t\t<h1 class=\"elementor-heading-title elementor-size-default\">Contact<\/h1>\t\t\t\t<\/div>\n\t\t\t\t<div class=\"elementor-element elementor-element-96e2fa8 elementor-widget elementor-widget-text-editor\" data-id=\"96e2fa8\" data-element_type=\"widget\" data-widget_type=\"text-editor.default\">\n\t\t\t\t\t\t\t\t\t<p>We are here to help you. Contact us and our team will provide you with the cyber security solutions you need.<\/p>\t\t\t\t\t\t\t\t<\/div>\n\t\t\t\t<\/div>\n\t\t\t\t\t<\/div>\n\t\t\t\t<\/div>\n\t\t<div class=\"elementor-element elementor-element-347a971c e-flex e-con-boxed e-con e-parent\" data-id=\"347a971c\" data-element_type=\"container\" data-settings=\"{&quot;background_background&quot;:&quot;classic&quot;}\">\n\t\t\t\t\t<div class=\"e-con-inner\">\n\t\t<div class=\"elementor-element elementor-element-7a9f4e5a e-con-full e-flex e-con e-child\" data-id=\"7a9f4e5a\" data-element_type=\"container\" data-settings=\"{&quot;background_background&quot;:&quot;classic&quot;}\">\n\t\t\t\t<div class=\"elementor-element elementor-element-a9c4bf3 elementor-widget elementor-widget-heading\" data-id=\"a9c4bf3\" data-element_type=\"widget\" data-widget_type=\"heading.default\">\n\t\t\t\t\t<h2 class=\"elementor-heading-title elementor-size-default\">Shall we talk?<\/h2>\t\t\t\t<\/div>\n\t\t\t\t<div class=\"elementor-element elementor-element-8ca0ae4 elementor-widget elementor-widget-text-editor\" data-id=\"8ca0ae4\" data-element_type=\"widget\" data-widget_type=\"text-editor.default\">\n\t\t\t\t\t\t\t\t\t<p>Feel free to call or email us, or use our contact form to get in touch with us.<\/p>\t\t\t\t\t\t\t\t<\/div>\n\t\t\t\t<div class=\"elementor-element elementor-element-323d97fb elementor-icon-list--layout-inline elementor-align-left elementor-list-item-link-full_width elementor-widget elementor-widget-icon-list\" data-id=\"323d97fb\" data-element_type=\"widget\" data-widget_type=\"icon-list.default\">\n\t\t\t\t\t\t\t<ul class=\"elementor-icon-list-items elementor-inline-items\">\n\t\t\t\t\t\t\t<li class=\"elementor-icon-list-item elementor-inline-item\">\n\t\t\t\t\t\t\t\t\t\t\t<a href=\"mailto:info@ukotek.com\">\n\n\t\t\t\t\t\t\t\t\t\t\t\t<span class=\"elementor-icon-list-icon\">\n\t\t\t\t\t\t\t<svg aria-hidden=\"true\" class=\"e-font-icon-svg e-fas-envelope\" viewbox=\"0 0 512 512\" xmlns=\"http:\/\/www.w3.org\/2000\/svg\"><path d=\"M502.3 190.8c3.9-3.1 9.7-.2 9.7 4.7V400c0 26.5-21.5 48-48 48H48c-26.5 0-48-21.5-48-48V195.6c0-5 5.7-7.8 9.7-4.7 22.4 17.4 52.1 39.5 154.1 113.6 21.1 15.4 56.7 47.8 92.2 47.6 35.7.3 72-32.8 92.3-47.6 102-74.1 131.6-96.3 154-113.7zM256 320c23.2.4 56.6-29.2 73.4-41.4 132.7-96.3 142.8-104.7 173.4-128.7 5.8-4.5 9.2-11.5 9.2-18.9v-19c0-26.5-21.5-48-48-48H48C21.5 64 0 85.5 0 112v19c0 7.4 3.4 14.3 9.2 18.9 30.6 23.9 40.7 32.4 173.4 128.7 16.8 12.2 50.2 41.8 73.4 41.4z\"><\/path><\/svg>\t\t\t\t\t\t<\/span>\n\t\t\t\t\t\t\t\t\t\t<span class=\"elementor-icon-list-text\">info@ukotek.com<\/span>\n\t\t\t\t\t\t\t\t\t\t\t<\/a>\n\t\t\t\t\t\t\t\t\t<\/li>\n\t\t\t\t\t\t\t\t<li class=\"elementor-icon-list-item elementor-inline-item\">\n\t\t\t\t\t\t\t\t\t\t\t<a href=\"tel:+34697431892\">\n\n\t\t\t\t\t\t\t\t\t\t\t\t<span class=\"elementor-icon-list-icon\">\n\t\t\t\t\t\t\t<svg aria-hidden=\"true\" class=\"e-font-icon-svg e-fas-phone-square-alt\" viewbox=\"0 0 448 512\" xmlns=\"http:\/\/www.w3.org\/2000\/svg\"><path d=\"M400 32H48A48 48 0 0 0 0 80v352a48 48 0 0 0 48 48h352a48 48 0 0 0 48-48V80a48 48 0 0 0-48-48zm-16.39 307.37l-15 65A15 15 0 0 1 354 416C194 416 64 286.29 64 126a15.7 15.7 0 0 1 11.63-14.61l65-15A18.23 18.23 0 0 1 144 96a16.27 16.27 0 0 1 13.79 9.09l30 70A17.9 17.9 0 0 1 189 181a17 17 0 0 1-5.5 11.61l-37.89 31a231.91 231.91 0 0 0 110.78 110.78l31-37.89A17 17 0 0 1 299 291a17.85 17.85 0 0 1 5.91 1.21l70 30A16.25 16.25 0 0 1 384 336a17.41 17.41 0 0 1-.39 3.37z\"><\/path><\/svg>\t\t\t\t\t\t<\/span>\n\t\t\t\t\t\t\t\t\t\t<span class=\"elementor-icon-list-text\">+34 697 43 18 92<\/span>\n\t\t\t\t\t\t\t\t\t\t\t<\/a>\n\t\t\t\t\t\t\t\t\t<\/li>\n\t\t\t\t\t\t<\/ul>\n\t\t\t\t\t\t<\/div>\n\t\t\t\t<\/div>\n\t\t\t\t\t<\/div>\n\t\t\t\t<\/div>\n\t\t<div class=\"elementor-element elementor-element-8ddb6bc e-flex e-con-boxed e-con e-parent\" data-id=\"8ddb6bc\" data-element_type=\"container\" data-settings=\"{&quot;background_background&quot;:&quot;classic&quot;}\">\n\t\t\t\t\t<div class=\"e-con-inner\">\n\t\t<div class=\"elementor-element elementor-element-98c5e12 e-con-full e-flex e-con e-child\" data-id=\"98c5e12\" data-element_type=\"container\" data-settings=\"{&quot;background_background&quot;:&quot;classic&quot;}\">\n\t\t<div class=\"elementor-element elementor-element-6e58152 e-con-full e-flex e-con e-child\" data-id=\"6e58152\" data-element_type=\"container\">\n\t\t\t\t<div class=\"elementor-element elementor-element-498ec00 elementor-widget elementor-widget-html\" data-id=\"498ec00\" data-element_type=\"widget\" data-widget_type=\"html.default\">\n\t\t\t\t\t<script charset=\"utf-8\" type=\"text\/javascript\" src=\"\/\/js-eu1.hsforms.net\/forms\/embed\/v2.js\"><\/script>\r\n<script>\r\n  hbspt.forms.create({\r\n    region: \"eu1\",\r\n    portalId: \"144892228\",\r\n    formId: \"a9b2eb23-672a-418f-84dd-81b1b92f1e46\"\r\n  });\r\n<\/script>\t\t\t\t<\/div>\n\t\t\t\t<\/div>\n\t\t<div class=\"elementor-element elementor-element-44077d3 e-con-full e-flex e-con e-child\" data-id=\"44077d3\" data-element_type=\"container\">\n\t\t\t\t<div class=\"elementor-element elementor-element-572a66e elementor-widget elementor-widget-google_maps\" data-id=\"572a66e\" data-element_type=\"widget\" data-widget_type=\"google_maps.default\">\n\t\t\t\t\t\t\t<div class=\"elementor-custom-embed\">\n\t\t\t<iframe loading=\"lazy\"\n\t\t\t\t\tsrc=\"https:\/\/maps.google.com\/maps?q=P.%C2%BA%20de%20Garc%C3%ADa%20Faria%2C%2049%2C%20Barcelona&#038;t=m&#038;z=10&#038;output=embed&#038;iwloc=near\"\n\t\t\t\t\ttitle=\"P.\u00ba de Garc\u00eda Faria, 49, Barcelona\"\n\t\t\t\t\taria-label=\"P.\u00ba de Garc\u00eda Faria, 49, Barcelona\"\n\t\t\t><\/iframe>\n\t\t<\/div>\n\t\t\t\t\t\t<\/div>\n\t\t\t\t<\/div>\n\t\t\t\t<\/div>\n\t\t\t\t\t<\/div>\n\t\t\t\t<\/div>\n\t\t\t\t<\/div>","protected":false},"excerpt":{"rendered":"<p>Contacto Estamos aqu\u00ed para ayudarte. Cont\u00e1ctanos y nuestro equipo te ofrecer\u00e1 las soluciones en ciberseguridad que necesitas. \u00bfHablamos? No dudes en llamarnos o enviarnos un correo electr\u00f3nico, o utiliza nuestro formulario de contacto para ponerte en contacto con nosotros. info@ukotek.com +34 697 43 18 92<\/p>","protected":false},"author":1,"featured_media":0,"parent":0,"menu_order":0,"comment_status":"closed","ping_status":"closed","template":"","meta":{"content-type":"","footnotes":""},"class_list":["post-13","page","type-page","status-publish","hentry"],"yoast_head":"<!-- This site is optimized with the Yoast SEO plugin v24.6 - https:\/\/yoast.com\/wordpress\/plugins\/seo\/ -->\n<title>Contacto - Ukotek<\/title>\n<meta name=\"description\" content=\"Contacta con el equipo de Ukotek para descubrir soluciones innovadoras en ciberseguridad y cumplimiento normativo para tu empresa.\" \/>\n<meta name=\"robots\" content=\"index, follow, max-snippet:-1, max-image-preview:large, max-video-preview:-1\" \/>\n<link rel=\"canonical\" href=\"https:\/\/ukotek.com\/en\/contacto\/\" \/>\n<meta property=\"og:locale\" content=\"en_GB\" \/>\n<meta property=\"og:type\" content=\"article\" \/>\n<meta property=\"og:title\" content=\"Contacto - Ukotek\" \/>\n<meta property=\"og:description\" content=\"Contacta con el equipo de Ukotek para descubrir soluciones innovadoras en ciberseguridad y cumplimiento normativo para tu empresa.\" \/>\n<meta property=\"og:url\" content=\"https:\/\/ukotek.com\/en\/contacto\/\" \/>\n<meta property=\"og:site_name\" content=\"Ukotek\" \/>\n<meta property=\"article:modified_time\" content=\"2024-11-13T08:47:41+00:00\" \/>\n<meta name=\"twitter:card\" content=\"summary_large_image\" \/>\n<meta name=\"twitter:label1\" content=\"Estimated reading time\" \/>\n\t<meta name=\"twitter:data1\" content=\"1 minute\" \/>\n<script type=\"application\/ld+json\" class=\"yoast-schema-graph\">{\"@context\":\"https:\/\/schema.org\",\"@graph\":[{\"@type\":\"WebPage\",\"@id\":\"https:\/\/ukotek.com\/contacto\/\",\"url\":\"https:\/\/ukotek.com\/contacto\/\",\"name\":\"Contacto - Ukotek\",\"isPartOf\":{\"@id\":\"https:\/\/ukotek.com\/#website\"},\"datePublished\":\"2024-06-25T09:25:39+00:00\",\"dateModified\":\"2024-11-13T08:47:41+00:00\",\"description\":\"Contacta con el equipo de Ukotek para descubrir soluciones innovadoras en ciberseguridad y cumplimiento normativo para tu empresa.\",\"breadcrumb\":{\"@id\":\"https:\/\/ukotek.com\/contacto\/#breadcrumb\"},\"inLanguage\":\"en-GB\",\"potentialAction\":[{\"@type\":\"ReadAction\",\"target\":[\"https:\/\/ukotek.com\/contacto\/\"]}]},{\"@type\":\"BreadcrumbList\",\"@id\":\"https:\/\/ukotek.com\/contacto\/#breadcrumb\",\"itemListElement\":[{\"@type\":\"ListItem\",\"position\":1,\"name\":\"Portada\",\"item\":\"https:\/\/ukotek.com\/\"},{\"@type\":\"ListItem\",\"position\":2,\"name\":\"Contacto\"}]},{\"@type\":\"WebSite\",\"@id\":\"https:\/\/ukotek.com\/#website\",\"url\":\"https:\/\/ukotek.com\/\",\"name\":\"Ukotek\",\"description\":\"Ciber Security\",\"publisher\":{\"@id\":\"https:\/\/ukotek.com\/#organization\"},\"potentialAction\":[{\"@type\":\"SearchAction\",\"target\":{\"@type\":\"EntryPoint\",\"urlTemplate\":\"https:\/\/ukotek.com\/?s={search_term_string}\"},\"query-input\":{\"@type\":\"PropertyValueSpecification\",\"valueRequired\":true,\"valueName\":\"search_term_string\"}}],\"inLanguage\":\"en-GB\"},{\"@type\":\"Organization\",\"@id\":\"https:\/\/ukotek.com\/#organization\",\"name\":\"Ukotek\",\"url\":\"https:\/\/ukotek.com\/\",\"logo\":{\"@type\":\"ImageObject\",\"inLanguage\":\"en-GB\",\"@id\":\"https:\/\/ukotek.com\/#\/schema\/logo\/image\/\",\"url\":\"https:\/\/ukotek.com\/wp-content\/uploads\/2024\/06\/cropped-logo-ukotek.png\",\"contentUrl\":\"https:\/\/ukotek.com\/wp-content\/uploads\/2024\/06\/cropped-logo-ukotek.png\",\"width\":783,\"height\":224,\"caption\":\"Ukotek\"},\"image\":{\"@id\":\"https:\/\/ukotek.com\/#\/schema\/logo\/image\/\"}}]}<\/script>\n<!-- \/ Yoast SEO plugin. -->","yoast_head_json":{"title":"Contacto - Ukotek","description":"Contacta con el equipo de Ukotek para descubrir soluciones innovadoras en ciberseguridad y cumplimiento normativo para tu empresa.","robots":{"index":"index","follow":"follow","max-snippet":"max-snippet:-1","max-image-preview":"max-image-preview:large","max-video-preview":"max-video-preview:-1"},"canonical":"https:\/\/ukotek.com\/en\/contacto\/","og_locale":"en_GB","og_type":"article","og_title":"Contacto - Ukotek","og_description":"Contacta con el equipo de Ukotek para descubrir soluciones innovadoras en ciberseguridad y cumplimiento normativo para tu empresa.","og_url":"https:\/\/ukotek.com\/en\/contacto\/","og_site_name":"Ukotek","article_modified_time":"2024-11-13T08:47:41+00:00","twitter_card":"summary_large_image","twitter_misc":{"Estimated reading time":"1 minute"},"schema":{"@context":"https:\/\/schema.org","@graph":[{"@type":"WebPage","@id":"https:\/\/ukotek.com\/contacto\/","url":"https:\/\/ukotek.com\/contacto\/","name":"Contacto - Ukotek","isPartOf":{"@id":"https:\/\/ukotek.com\/#website"},"datePublished":"2024-06-25T09:25:39+00:00","dateModified":"2024-11-13T08:47:41+00:00","description":"Contacta con el equipo de Ukotek para descubrir soluciones innovadoras en ciberseguridad y cumplimiento normativo para tu empresa.","breadcrumb":{"@id":"https:\/\/ukotek.com\/contacto\/#breadcrumb"},"inLanguage":"en-GB","potentialAction":[{"@type":"ReadAction","target":["https:\/\/ukotek.com\/contacto\/"]}]},{"@type":"BreadcrumbList","@id":"https:\/\/ukotek.com\/contacto\/#breadcrumb","itemListElement":[{"@type":"ListItem","position":1,"name":"Portada","item":"https:\/\/ukotek.com\/"},{"@type":"ListItem","position":2,"name":"Contacto"}]},{"@type":"WebSite","@id":"https:\/\/ukotek.com\/#website","url":"https:\/\/ukotek.com\/","name":"Ukotek","description":"Ciber Security","publisher":{"@id":"https:\/\/ukotek.com\/#organization"},"potentialAction":[{"@type":"SearchAction","target":{"@type":"EntryPoint","urlTemplate":"https:\/\/ukotek.com\/?s={search_term_string}"},"query-input":{"@type":"PropertyValueSpecification","valueRequired":true,"valueName":"search_term_string"}}],"inLanguage":"en-GB"},{"@type":"Organization","@id":"https:\/\/ukotek.com\/#organization","name":"Ukotek","url":"https:\/\/ukotek.com\/","logo":{"@type":"ImageObject","inLanguage":"en-GB","@id":"https:\/\/ukotek.com\/#\/schema\/logo\/image\/","url":"https:\/\/ukotek.com\/wp-content\/uploads\/2024\/06\/cropped-logo-ukotek.png","contentUrl":"https:\/\/ukotek.com\/wp-content\/uploads\/2024\/06\/cropped-logo-ukotek.png","width":783,"height":224,"caption":"Ukotek"},"image":{"@id":"https:\/\/ukotek.com\/#\/schema\/logo\/image\/"}}]}},"_links":{"self":[{"href":"https:\/\/ukotek.com\/en\/wp-json\/wp\/v2\/pages\/13","targetHints":{"allow":["GET"]}}],"collection":[{"href":"https:\/\/ukotek.com\/en\/wp-json\/wp\/v2\/pages"}],"about":[{"href":"https:\/\/ukotek.com\/en\/wp-json\/wp\/v2\/types\/page"}],"author":[{"embeddable":true,"href":"https:\/\/ukotek.com\/en\/wp-json\/wp\/v2\/users\/1"}],"replies":[{"embeddable":true,"href":"https:\/\/ukotek.com\/en\/wp-json\/wp\/v2\/comments?post=13"}],"version-history":[{"count":64,"href":"https:\/\/ukotek.com\/en\/wp-json\/wp\/v2\/pages\/13\/revisions"}],"predecessor-version":[{"id":1629,"href":"https:\/\/ukotek.com\/en\/wp-json\/wp\/v2\/pages\/13\/revisions\/1629"}],"wp:attachment":[{"href":"https:\/\/ukotek.com\/en\/wp-json\/wp\/v2\/media?parent=13"}],"curies":[{"name":"wp","href":"https:\/\/api.w.org\/{rel}","templated":true}]}}